{"id":4459,"date":"2021-02-23T12:29:15","date_gmt":"2021-02-23T12:29:15","guid":{"rendered":"http:\/\/www.associationdevalescure.fr\/www\/?page_id=4459"},"modified":"2025-06-18T05:45:53","modified_gmt":"2025-06-18T05:45:53","slug":"nos-partenaires","status":"publish","type":"page","link":"http:\/\/www.associationdevalescure.fr\/www\/nos-partenaires\/","title":{"rendered":"Nos partenaires actuels et \u00e0 venir"},"content":{"rendered":"<header class=\"entry-header\">\n<h1 class=\"entry-title page-title\"><span style=\"font-size: 1.125rem;\">Bienvenue sur le site de l\u2019Association de Valescure<\/span><\/h1>\n<\/header>\n<div class=\"entry-content clearfix\">\n<p>Si les buts, l\u2019esprit et les membres (600 adh\u00e9rents et leur famille) de l\u2019Association vous int\u00e9ressent, merci de contribuer \u00e0 la vie de l\u2019Association. Votre souscription, \u00e0 l\u2019aide du formulaire \u00ab\u00a0Souscription ou renouvellement de souscription\u00a0\u00bb est valable pour une ann\u00e9e. Il se trouve dans la rubrique \u00ab Nous contacter et Autres formulaires \u00bb.<\/p>\n<p>Votre enseigne figurera sur la page \u00ab\u00a0Nos partenaires\u00a0\u00bb, dans la rubrique \u00ab\u00a0Nos partenaires actuels et \u00e0 venir\u00a0\u00bb et vos souhaits de publication (envoy\u00e9s \u00e0 l\u2019adresse de messagerie de l\u2019Association) seront ins\u00e9r\u00e9s, sur la m\u00eame page, dans la rubrique \u00ab Echos des partenaires \u00bb.<\/p>\n<p>L&rsquo;Association de Valescure vous remercie de votre soutien. Un re\u00e7u vous sera envoy\u00e9 d\u00e8s r\u00e9ception du montant de votre soutien.<\/p>\n<section class=\"single-header\">\n<header class=\"entry-header\"><\/header>\n<\/section>\n<\/div>\n<h3><\/h3>\n<h4 style=\"text-align: center;\">NOS PARTENAIRES ACTUELS<\/h4>\n<table style=\"height: 214px;\" width=\"1375\">\n<tbody>\n<tr>\n<td width=\"151\"><a href=\"https:\/\/www.adhoc-electricite.fr\/\"><img loading=\"lazy\" class=\"size-full wp-image-2478 alignnone\" src=\"http:\/\/www.associationdevalescure.fr\/www\/wp-content\/uploads\/2019\/02\/ADHOC.png\" sizes=\"(max-width: 531px) 100vw, 531px\" srcset=\"http:\/\/www.associationdevalescure.fr\/www\/wp-content\/uploads\/2019\/02\/ADHOC.png 531w, http:\/\/www.associationdevalescure.fr\/www\/wp-content\/uploads\/2019\/02\/ADHOC-300x131.png 300w\" alt=\"\" width=\"531\" height=\"232\" \/><\/a><\/td>\n<td width=\"151\"><a href=\"https:\/\/artetfleurs.fr\/\"><img class=\"aligncenter\" style=\"text-align: center;\" src=\"https:\/\/www.pagesjaunes.fr\/media\/newdam\/preset-thumbnail-logo-desktop\/99\/1b\/63\/00\/00\/d1\/3b\/a4\/93\/63\/61c4991b630000d13ba49363\/61c4991b630000d13ba49364.png\" \/><\/a><\/td>\n<td width=\"151\"><a href=\"https:\/\/azuraudition.fr\/\"><img loading=\"lazy\" class=\"size-full wp-image-5420 aligncenter\" src=\"http:\/\/www.associationdevalescure.fr\/www\/wp-content\/uploads\/2022\/03\/azur-audition-optic.png\" alt=\"\" width=\"200\" height=\"200\" srcset=\"http:\/\/www.associationdevalescure.fr\/www\/wp-content\/uploads\/2022\/03\/azur-audition-optic.png 200w, http:\/\/www.associationdevalescure.fr\/www\/wp-content\/uploads\/2022\/03\/azur-audition-optic-150x150.png 150w\" sizes=\"(max-width: 200px) 100vw, 200px\" \/><\/a><\/td>\n<td width=\"151\"><img loading=\"lazy\" class=\"aligncenter\" style=\"text-align: center;\" src=\"https:\/\/www.ville-saintraphael.fr\/fileadmin\/_processed_\/f\/2\/csm_Boucherie_FAURE_-_S.ISEPPI-H.CHIRON_af36b0fbf6.jpg\" width=\"284\" height=\"190\" \/><\/p>\n<h2 style=\"text-align: center;\">B<span style=\"font-family: inherit; font-size: inherit; text-align: center;\">oucherie Faure<\/span><\/h2>\n<\/td>\n<\/tr>\n<tr>\n<td width=\"151\"><a href=\"https:\/\/www.booking.com\/hotel\/fr\/b-amp-b-le-clos-des-vignes-saint-raphael.fr.html?aid=2276520&amp;label=msn-IECJV1teGcJJIXkKt6XlUg-80127050091491%3Atikwd-80127198199684%3Aloc-1300%3Aneo%3Amte%3Alp125588%3Adec%3Aqsle%20clos%20des%20vignes%20saint%20rapha%C3%ABl&amp;sid=69128240381ea5babf81a4ebb989e75d&amp;dest_id=-1468219&amp;dest_type=city&amp;dist=0&amp;group_adults=2&amp;group_children=0&amp;hapos=1&amp;hpos=1&amp;no_rooms=1&amp;req_adults=2&amp;req_children=0&amp;room1=A%2CA&amp;sb_price_type=total&amp;sr_order=popularity&amp;srepoch=1749363069&amp;srpvid=f0df2b6fd9380373&amp;type=total&amp;ucfs=1&amp;\"><img loading=\"lazy\" class=\"wp-image-2474 alignnone\" src=\"http:\/\/www.associationdevalescure.fr\/www\/wp-content\/uploads\/2019\/02\/Le-Clos-des-Vignes-1024x418.jpg\" sizes=\"(max-width: 840px) 100vw, 840px\" srcset=\"http:\/\/www.associationdevalescure.fr\/www\/wp-content\/uploads\/2019\/02\/Le-Clos-des-Vignes-1024x418.jpg 1024w, http:\/\/www.associationdevalescure.fr\/www\/wp-content\/uploads\/2019\/02\/Le-Clos-des-Vignes-300x123.jpg 300w, http:\/\/www.associationdevalescure.fr\/www\/wp-content\/uploads\/2019\/02\/Le-Clos-des-Vignes-768x314.jpg 768w, http:\/\/www.associationdevalescure.fr\/www\/wp-content\/uploads\/2019\/02\/Le-Clos-des-Vignes.jpg 1425w\" alt=\"\" width=\"290\" height=\"119\" \/><\/a><\/td>\n<td width=\"151\"><a href=\"https:\/\/www.e.leclerc\/mag\/e-leclerc-saint-raphael\"><img loading=\"lazy\" class=\" wp-image-2482 aligncenter\" src=\"http:\/\/www.associationdevalescure.fr\/www\/wp-content\/uploads\/2019\/02\/Leclerc.png\" sizes=\"(max-width: 342px) 100vw, 342px\" srcset=\"http:\/\/www.associationdevalescure.fr\/www\/wp-content\/uploads\/2019\/02\/Leclerc.png 342w, http:\/\/www.associationdevalescure.fr\/www\/wp-content\/uploads\/2019\/02\/Leclerc-300x90.png 300w\" alt=\"\" width=\"289\" height=\"87\" \/><\/a><\/td>\n<td width=\"151\"><a href=\"https:\/\/www.facebook.com\/ComptoirsBio83\/?locale=fr_FR&amp;_rdc=2&amp;_rdr#\"><img loading=\"lazy\" class=\"size-large wp-image-2485 aligncenter\" style=\"color: #0000ee;\" src=\"http:\/\/www.associationdevalescure.fr\/www\/wp-content\/uploads\/2019\/02\/Les-comptoirs-de-la-bio-1024x390.png\" sizes=\"(max-width: 840px) 100vw, 840px\" srcset=\"http:\/\/www.associationdevalescure.fr\/www\/wp-content\/uploads\/2019\/02\/Les-comptoirs-de-la-bio-1024x390.png 1024w, http:\/\/www.associationdevalescure.fr\/www\/wp-content\/uploads\/2019\/02\/Les-comptoirs-de-la-bio-300x114.png 300w, http:\/\/www.associationdevalescure.fr\/www\/wp-content\/uploads\/2019\/02\/Les-comptoirs-de-la-bio-768x293.png 768w, http:\/\/www.associationdevalescure.fr\/www\/wp-content\/uploads\/2019\/02\/Les-comptoirs-de-la-bio.png 1500w\" alt=\"\" width=\"840\" height=\"320\" \/><\/a><\/td>\n<td width=\"151\"><a href=\"https:\/\/www.grocery10.com\/FR\/Saint-Rapha%C3%ABl\/403499777065199\/Ma-Fromagerie\"><img loading=\"lazy\" class=\"size-full wp-image-3458 aligncenter\" src=\"http:\/\/www.associationdevalescure.fr\/www\/wp-content\/uploads\/2019\/09\/ma-fromagerie_1.jpg\" sizes=\"(max-width: 225px) 100vw, 225px\" srcset=\"http:\/\/www.associationdevalescure.fr\/www\/wp-content\/uploads\/2019\/09\/ma-fromagerie_1.jpg 225w, http:\/\/www.associationdevalescure.fr\/www\/wp-content\/uploads\/2019\/09\/ma-fromagerie_1-150x150.jpg 150w\" alt=\"\" width=\"225\" height=\"225\" \/><\/a><\/td>\n<\/tr>\n<tr>\n<td width=\"151\"><img loading=\"lazy\" class=\"size-full wp-image-2481 aligncenter\" style=\"color: #0000ee;\" src=\"http:\/\/www.associationdevalescure.fr\/www\/wp-content\/uploads\/2019\/02\/Optic-2000-SR.png\" sizes=\"(max-width: 389px) 100vw, 389px\" srcset=\"http:\/\/www.associationdevalescure.fr\/www\/wp-content\/uploads\/2019\/02\/Optic-2000-SR.png 389w, http:\/\/www.associationdevalescure.fr\/www\/wp-content\/uploads\/2019\/02\/Optic-2000-SR-300x164.png 300w\" alt=\"\" width=\"389\" height=\"213\" \/><\/td>\n<td width=\"151\"><a href=\"https:\/\/www.facebook.com\/pepiniere.rinaudosaintraphael\"><img loading=\"lazy\" class=\"size-full wp-image-1847 aligncenter\" src=\"http:\/\/www.associationdevalescure.fr\/www\/wp-content\/uploads\/2018\/11\/Rinaudo-bis.jpg\" alt=\"\" width=\"196\" height=\"127\" \/><\/a><\/td>\n<td width=\"151\"><a href=\"https:\/\/sud-print.pro\/\"><img class=\"aligncenter\" style=\"text-align: center;\" src=\"https:\/\/sud-print.pro\/sites\/default\/files\/logo-sud-print.png\" \/><\/a><\/td>\n<td width=\"151\"><img class=\"aligncenter\" src=\"https:\/\/ac-franchise.com\/wp-content\/uploads\/2017\/10\/logo-franchise-utile-300x300jpg.jpg\" alt=\"Franchise UTILE\" \/><\/td>\n<\/tr>\n<tr>\n<td width=\"151\"><a href=\"http:\/\/www.associationdevalescure.fr\/www\/wp-content\/uploads\/2025\/06\/Association-de-Valescure-scaled.jpg\"><img loading=\"lazy\" class=\"alignnone size-large wp-image-7131\" src=\"http:\/\/www.associationdevalescure.fr\/www\/wp-content\/uploads\/2025\/06\/Association-de-Valescure-1024x445.jpg\" alt=\"\" width=\"1024\" height=\"445\" srcset=\"http:\/\/www.associationdevalescure.fr\/www\/wp-content\/uploads\/2025\/06\/Association-de-Valescure-1024x445.jpg 1024w, http:\/\/www.associationdevalescure.fr\/www\/wp-content\/uploads\/2025\/06\/Association-de-Valescure-300x130.jpg 300w, http:\/\/www.associationdevalescure.fr\/www\/wp-content\/uploads\/2025\/06\/Association-de-Valescure-768x334.jpg 768w, http:\/\/www.associationdevalescure.fr\/www\/wp-content\/uploads\/2025\/06\/Association-de-Valescure-1536x668.jpg 1536w, http:\/\/www.associationdevalescure.fr\/www\/wp-content\/uploads\/2025\/06\/Association-de-Valescure-2048x890.jpg 2048w\" sizes=\"(max-width: 1024px) 100vw, 1024px\" \/><\/a><\/td>\n<td width=\"151\">\n<h1 class=\"logo_h logo_h__txt\"><a class=\"logo_link\" title=\"Entreprise Generale de Batiment\" href=\"https:\/\/construction-chretienneau.fr\/\">SEE CHRETIENNEAU<\/a><\/h1>\n<p class=\"logo_tagline\">Entreprise G\u00e9n\u00e9rale de B\u00e2timent<\/p>\n<\/td>\n<td width=\"151\"><\/td>\n<td width=\"151\"><\/td>\n<\/tr>\n<\/tbody>\n<\/table>\n<p>&nbsp;<\/p>\n<p><strong>Ad\u2019Hoc Electricit\u00e9 g\u00e9n\u00e9rale<\/strong>\u00a0\u2013 109 rue Montgolfier \u2013 83600 Fr\u00e9jus \u2013 06 10 04 16 29<b><i>\u00a0\/\u00a0<\/i>Azur Audition \u2013\u00a0<\/b><span class=\"noTrad\">b\u00e2t Commerce \u2013 211 avenue du XV\u00e8me Corps \u2013 83700 Saint-Rapha\u00ebl \u2013 04 94 83 73 22 \/ <\/span><span class=\"LrzXr\"><span class=\"LrzXr zdqRlf kno-fv\"><span role=\"link\" aria-label=\"Appeler le 04 94 82 45 24\">\u00a0<strong>Boulangerie du Golf de Valescure<\/strong>\u00a0\u2013\u00a0<\/span><\/span><\/span>Centre Commercial Golf Esterel \u2013\u00a0<span class=\"LrzXr\">16 Boulevard Darby \u2013 83700 Saint-Rapha\u00ebl \u2013\u00a0<span role=\"link\" aria-label=\"Appeler le 04 94 82 47 98\">04 94 82 47 98<\/span>\u00a0 \/<\/span><span class=\"LrzXr zdqRlf kno-fv\"><span role=\"link\" aria-label=\"Appeler le 0 826 08 37 07\">\u00a0<span class=\"uppercase\"><span role=\"link\" aria-label=\"Appeler le 04 94 53 02 43\">\u00a0<strong>LECLERC<\/strong>\u00a0\u2013\u00a0<\/span><\/span><\/span><\/span>Avenue Du Commandant Camille Suzanne \u2013 83700 Saint-Rapha\u00ebl \u2013 04 94 19 51 70 \/\u00a0<strong>LE CLOS DES VIGNES \u2013 CHAMBRES D\u2019HOTES<\/strong>\u00a0\u2013 Chemin de la Lauve \u2013 83700 Saint-Rapha\u00ebl \u2013\u00a004 94 95 00 31 \u2013 06 80 28 08 94 \/\u00a0<strong>LES COMPTOIRS DE LA BIO<\/strong> \u2013\u00a0\u00a01944 Avenue Jean Lachenaud \u2013 83600 Fr\u00e9jus \u2013 09 62 65 62 29 \u00a0\/\u00a0<strong>MA FROMAGERIE\u00a0<\/strong>\u2013 6 Boulevard Darby \u2013 83700 Saint-Rapha\u00ebl \u2013 04 94 52 32 61 \/\u00a0<strong>OPTIC 2000<\/strong>\u00a0\u2013\u00a0Place Coullet le Saint Louis \u2013 83700 Saint-Rapha\u00ebl \u2013\u00a004 94 95 25 41 \/\u00a0<strong>PEPINIERES RINAUDO<\/strong>\u00a0\u2013 56 Boulevard de l\u2019Asp\u00e9 \u2013 83700 Saint-Rapha\u00ebl \u2013\u00a0<span role=\"link\" aria-label=\"Appeler le 04 94 95 00 83\">04 94 95 00 83<\/span> \/\u00a0 <strong>SUD PRINT<\/strong> &#8211; 32 All\u00e9e S\u00e9bastien Vauban &#8211; P\u00f4le BTP &#8211; 83600 Fr\u00e9jus &#8211; <span style=\"color: #000000;\">04 98 11 38 19 \/ <strong>UTILE <\/strong><\/span>\u2013 Boulevard Darby Valescure \u2013 83700 Saint-Rapha\u00ebl \u2013 04 94 82 48 33 \/ <strong>ATELIER SITE<\/strong> (Jean-Jacques Linck &#8211; Architecte paysagiste) &#8211; Les Algues 6 &#8211; 131 boulevard du G\u00e9n\u00e9ral de Gaulle &#8211; 83700 SAINT RAPHAEL &#8211; 04 94 44 62 72 \/<strong> SEE CRETIENNEAU &#8211; <\/strong>131 Avenue Eug\u00e8ne Joly &#8211; 83600 Fr\u00e9jus &#8211; 04 94 51 13 34<\/p>\n<p class=\"logo_tagline\">\n<div class=\"entry-content clearfix\">\n<p>&nbsp;<\/p>\n<\/div>\n<h3><\/h3>\n<div class=\"entry-content clearfix\">\n<div id=\"nf-form-18-cont\" class=\"nf-form-cont\" role=\"form\" aria-live=\"polite\" aria-labelledby=\"nf-form-title-18\" aria-describedby=\"nf-form-errors-18\">\n<section class=\"single-header\">\n<header class=\"entry-header\"><\/header>\n<\/section>\n<section id=\"primary\" class=\"single-content\">\n<article class=\"post-content\">\n<div class=\"entry-content clearfix\">\n<div id=\"nf-form-18-cont\" class=\"nf-form-cont\" role=\"form\" aria-live=\"polite\" aria-labelledby=\"nf-form-title-18\" aria-describedby=\"nf-form-errors-18\">\n<div class=\"nf-form-wrap ninja-forms-form-wrap\">\n<div class=\"nf-form-layout\">\n<form>\n<div>\n<div class=\"nf-form-content \">\n<div id=\"nf-field-151-container\" class=\"nf-field-container submit-container label-above textbox-container\">\n<div class=\"nf-field\">\n<div id=\"nf-field-151-wrap\" class=\"field-wrap submit-wrap textbox-wrap\" data-field-id=\"151\">\n<div class=\"nf-field-element\"><\/div>\n<\/div>\n<\/div>\n<\/div>\n<\/div>\n<\/div>\n<\/form>\n<\/div>\n<\/div>\n<\/div>\n<\/div>\n<\/article>\n<\/section>\n<\/div>\n<\/div>\n","protected":false},"excerpt":{"rendered":"<div class=\"mh-excerpt\"><p>Bienvenue sur le site de l\u2019Association de Valescure Si les buts, l\u2019esprit et les membres (600 adh\u00e9rents et leur famille) de l\u2019Association vous int\u00e9ressent, merci <a class=\"mh-excerpt-more\" href=\"http:\/\/www.associationdevalescure.fr\/www\/nos-partenaires\/\" title=\"Nos partenaires actuels et \u00e0 venir\">[&#8230;]<\/a><\/p>\n<\/div>","protected":false},"author":1,"featured_media":0,"parent":0,"menu_order":0,"comment_status":"closed","ping_status":"closed","template":"","meta":[],"yoast_head":"<!-- This site is optimized with the Yoast SEO plugin v16.1.1 - https:\/\/yoast.com\/wordpress\/plugins\/seo\/ -->\n<title>Nos partenaires actuels et \u00e0 venir &middot; Association de Valescure Fr\u00e9jus \/ Saint-Rapha\u00ebl<\/title>\n<meta name=\"description\" content=\"association, loi 1901, valescure, frejus, saint-raphael, cadre de vie, fernez, qualite de vie, urbanisme, environnement, patrimoine\" \/>\n<link rel=\"canonical\" href=\"http:\/\/www.associationdevalescure.fr\/www\/nos-partenaires\/\" \/>\n<meta property=\"og:locale\" content=\"fr_FR\" \/>\n<meta property=\"og:type\" content=\"article\" \/>\n<meta property=\"og:title\" content=\"Nos partenaires actuels et \u00e0 venir &middot; Association de Valescure Fr\u00e9jus \/ Saint-Rapha\u00ebl\" \/>\n<meta property=\"og:description\" content=\"association, loi 1901, valescure, frejus, saint-raphael, cadre de vie, fernez, qualite de vie, urbanisme, environnement, patrimoine\" \/>\n<meta property=\"og:url\" content=\"http:\/\/www.associationdevalescure.fr\/www\/nos-partenaires\/\" \/>\n<meta property=\"og:site_name\" content=\"Association de Valescure Fr\u00e9jus \/ Saint-Rapha\u00ebl\" \/>\n<meta property=\"article:publisher\" content=\"https:\/\/www.facebook.com\/Association-de-valescure-249298192447460\/\" \/>\n<meta property=\"article:modified_time\" content=\"2025-06-18T05:45:53+00:00\" \/>\n<meta property=\"og:image\" content=\"http:\/\/www.associationdevalescure.fr\/www\/wp-content\/uploads\/2019\/02\/ADHOC.png\" \/>\n<meta name=\"twitter:card\" content=\"summary_large_image\" \/>\n<meta name=\"twitter:label1\" content=\"Dur\u00e9e de lecture est.\">\n\t<meta name=\"twitter:data1\" content=\"5 minutes\">\n<script type=\"application\/ld+json\" class=\"yoast-schema-graph\">{\"@context\":\"https:\/\/schema.org\",\"@graph\":[{\"@type\":\"Organization\",\"@id\":\"https:\/\/www.associationdevalescure.fr\/www\/#organization\",\"name\":\"Association de Valescure\",\"url\":\"https:\/\/www.associationdevalescure.fr\/www\/\",\"sameAs\":[\"https:\/\/www.facebook.com\/Association-de-valescure-249298192447460\/\"],\"logo\":{\"@type\":\"ImageObject\",\"@id\":\"https:\/\/www.associationdevalescure.fr\/www\/#logo\",\"inLanguage\":\"fr-FR\",\"url\":\"http:\/\/www.associationdevalescure.fr\/www\/wp-content\/uploads\/2018\/09\/Logo-AdV-e1617347898754.jpg\",\"contentUrl\":\"http:\/\/www.associationdevalescure.fr\/www\/wp-content\/uploads\/2018\/09\/Logo-AdV-e1617347898754.jpg\",\"width\":327,\"height\":142,\"caption\":\"Association de Valescure\"},\"image\":{\"@id\":\"https:\/\/www.associationdevalescure.fr\/www\/#logo\"}},{\"@type\":\"WebSite\",\"@id\":\"https:\/\/www.associationdevalescure.fr\/www\/#website\",\"url\":\"https:\/\/www.associationdevalescure.fr\/www\/\",\"name\":\"Association de Valescure Fr\\u00e9jus \/ Saint-Rapha\\u00ebl\",\"description\":\"Pour le meilleur \\u00e0 Valescure\",\"publisher\":{\"@id\":\"https:\/\/www.associationdevalescure.fr\/www\/#organization\"},\"potentialAction\":[{\"@type\":\"SearchAction\",\"target\":\"https:\/\/www.associationdevalescure.fr\/www\/?s={search_term_string}\",\"query-input\":\"required name=search_term_string\"}],\"inLanguage\":\"fr-FR\"},{\"@type\":\"ImageObject\",\"@id\":\"http:\/\/www.associationdevalescure.fr\/www\/nos-partenaires\/#primaryimage\",\"inLanguage\":\"fr-FR\",\"url\":\"http:\/\/www.associationdevalescure.fr\/www\/wp-content\/uploads\/2019\/02\/ADHOC.png\",\"contentUrl\":\"http:\/\/www.associationdevalescure.fr\/www\/wp-content\/uploads\/2019\/02\/ADHOC.png\",\"width\":531,\"height\":232},{\"@type\":\"WebPage\",\"@id\":\"http:\/\/www.associationdevalescure.fr\/www\/nos-partenaires\/#webpage\",\"url\":\"http:\/\/www.associationdevalescure.fr\/www\/nos-partenaires\/\",\"name\":\"Nos partenaires actuels et \\u00e0 venir &middot; Association de Valescure Fr\\u00e9jus \/ Saint-Rapha\\u00ebl\",\"isPartOf\":{\"@id\":\"https:\/\/www.associationdevalescure.fr\/www\/#website\"},\"primaryImageOfPage\":{\"@id\":\"http:\/\/www.associationdevalescure.fr\/www\/nos-partenaires\/#primaryimage\"},\"datePublished\":\"2021-02-23T12:29:15+00:00\",\"dateModified\":\"2025-06-18T05:45:53+00:00\",\"description\":\"association, loi 1901, valescure, frejus, saint-raphael, cadre de vie, fernez, qualite de vie, urbanisme, environnement, patrimoine\",\"breadcrumb\":{\"@id\":\"http:\/\/www.associationdevalescure.fr\/www\/nos-partenaires\/#breadcrumb\"},\"inLanguage\":\"fr-FR\",\"potentialAction\":[{\"@type\":\"ReadAction\",\"target\":[\"http:\/\/www.associationdevalescure.fr\/www\/nos-partenaires\/\"]}]},{\"@type\":\"BreadcrumbList\",\"@id\":\"http:\/\/www.associationdevalescure.fr\/www\/nos-partenaires\/#breadcrumb\",\"itemListElement\":[{\"@type\":\"ListItem\",\"position\":1,\"item\":{\"@type\":\"WebPage\",\"@id\":\"https:\/\/www.associationdevalescure.fr\/www\/\",\"url\":\"https:\/\/www.associationdevalescure.fr\/www\/\",\"name\":\"Accueil\"}},{\"@type\":\"ListItem\",\"position\":2,\"item\":{\"@type\":\"WebPage\",\"@id\":\"http:\/\/www.associationdevalescure.fr\/www\/nos-partenaires\/\",\"url\":\"http:\/\/www.associationdevalescure.fr\/www\/nos-partenaires\/\",\"name\":\"Nos partenaires actuels et \\u00e0 venir\"}}]}]}<\/script>\n<!-- \/ Yoast SEO plugin. -->","_links":{"self":[{"href":"http:\/\/www.associationdevalescure.fr\/www\/wp-json\/wp\/v2\/pages\/4459"}],"collection":[{"href":"http:\/\/www.associationdevalescure.fr\/www\/wp-json\/wp\/v2\/pages"}],"about":[{"href":"http:\/\/www.associationdevalescure.fr\/www\/wp-json\/wp\/v2\/types\/page"}],"author":[{"embeddable":true,"href":"http:\/\/www.associationdevalescure.fr\/www\/wp-json\/wp\/v2\/users\/1"}],"replies":[{"embeddable":true,"href":"http:\/\/www.associationdevalescure.fr\/www\/wp-json\/wp\/v2\/comments?post=4459"}],"version-history":[{"count":47,"href":"http:\/\/www.associationdevalescure.fr\/www\/wp-json\/wp\/v2\/pages\/4459\/revisions"}],"predecessor-version":[{"id":7143,"href":"http:\/\/www.associationdevalescure.fr\/www\/wp-json\/wp\/v2\/pages\/4459\/revisions\/7143"}],"wp:attachment":[{"href":"http:\/\/www.associationdevalescure.fr\/www\/wp-json\/wp\/v2\/media?parent=4459"}],"curies":[{"name":"wp","href":"https:\/\/api.w.org\/{rel}","templated":true}]}}