{"id":4425,"date":"2021-02-22T16:42:11","date_gmt":"2021-02-22T16:42:11","guid":{"rendered":"http:\/\/www.associationdevalescure.fr\/www\/?page_id=4425"},"modified":"2024-03-27T09:21:54","modified_gmt":"2024-03-27T09:21:54","slug":"nos-objectifs-notre-organisation","status":"publish","type":"page","link":"http:\/\/www.associationdevalescure.fr\/www\/nos-objectifs-notre-organisation\/","title":{"rendered":"Objectifs \/ Organisation"},"content":{"rendered":"<h5 style=\"text-align: center;\"><a href=\"http:\/\/www.associationdevalescure.fr\/www\/wp-content\/uploads\/2018\/09\/logo2.jpg\"><img loading=\"lazy\" class=\"size-full wp-image-631 aligncenter\" src=\"http:\/\/www.associationdevalescure.fr\/www\/wp-content\/uploads\/2018\/09\/logo2.jpg\" alt=\"\" width=\"150\" height=\"66\" \/><\/a><\/h5>\r\n<p style=\"text-align: center;\"><strong>\u0152uvrer pour le d\u00e9veloppement harmonieux de Valescure<\/strong><\/p>\r\n<p style=\"text-align: center;\"><strong>Veiller au maintien, voire \u00e0 l\u2019am\u00e9lioration de son cadre et de sa qualit\u00e9 de vie<\/strong><\/p>\r\n<p style=\"text-align: center;\"><strong>Prot\u00e9ger et faire conna\u00eetre son patrimoine architectural et v\u00e9g\u00e9tal<\/strong><\/p>\r\n<p style=\"text-align: center;\"><strong>Organiser des activit\u00e9s et des conf\u00e9rences \u00e0 but culturel et environnemental<\/strong><\/p>\r\n<p style=\"text-align: center;\"><strong>Offrir \u00e0 ses membres des rencontres conviviales et enrichissantes<\/strong><\/p>\r\n<p style=\"text-align: center;\"><strong>Voici ce que propose l\u2019Association de Valescure depuis plus de quarante ans\u00a0!<\/strong><\/p>\r\n<!-- \/wp:heading -->\r\n\r\n<!-- wp:heading {\"align\":\"center\"} -->\r\n<h3 style=\"text-align: center;\"><span style=\"color: #339966;\"><strong>BIENVENUE<\/strong><strong>\u00a0SUR LE SITE DE L&rsquo;ASSOCIATION DE VALESCURE<\/strong><\/span><\/h3>\r\n<!-- \/wp:heading -->\r\n\r\n<!-- wp:heading {\"level\":5,\"align\":\"center\"} -->\r\n<p style=\"text-align: center;\">Association de Valescure &#8211; Association Loi 1901 &#8211; 83 all\u00e9e Paul C\u00e9zanne &#8211; Bastides de Valescure &#8211; 83700 Saint-Rapha\u00ebl<\/p>\r\n<p style=\"text-align: center;\">Contacts : Dani\u00e8le Deckmyn\u00a0 \u00a0 associationdevalescure.gestion@gmail.com\u00a0 \u00a0 http:\/\/associationdevalescure.fr<\/p>\r\n<!-- \/wp:heading -->\r\n\r\n<!-- wp:heading {\"level\":4,\"align\":\"right\"} -->\r\n<h4 style=\"text-align: right;\"><a href=\"http:\/\/www.associationdevalescure.fr\/www\/wp-content\/uploads\/2021\/02\/mentions-legales-du-site-de-lassociation.doc\">Mentions l\u00e9gales<\/a><\/h4>\r\n<p>&nbsp;<\/p>\r\n<table style=\"height: 164px;\" width=\"1059\">\r\n<tbody>\r\n<tr>\r\n<td width=\"88\">\u00a0<\/td>\r\n<td width=\"88\">\u00a0<\/td>\r\n<td width=\"88\">\u00a0<\/td>\r\n<td width=\"88\">\u00a0<\/td>\r\n<td width=\"88\">\u00a0<\/td>\r\n<td style=\"text-align: center;\" width=\"88\">Suivez-nous sur<\/td>\r\n<td width=\"88\"><a href=\"https:\/\/www.facebook.com\/Association-de-valescure-249298192447460\/\"><img loading=\"lazy\" class=\"size-full wp-image-21 aligncenter\" src=\"http:\/\/www.associationdevalescure.fr\/www\/wp-content\/uploads\/2018\/09\/Facebook.png\" alt=\"\" width=\"104\" height=\"119\" \/><\/a><\/td>\r\n<\/tr>\r\n<\/tbody>\r\n<\/table>\r\n<!-- \/wp:heading -->\r\n\r\n<!-- wp:paragraph {\"align\":\"center\",\"customFontSize\":17} -->\r\n<figure class=\"wp-block-image is-resized\">\r\n<p style=\"text-align: center;\">\u00a0<\/p>\r\n<\/figure>\r\n<p>&nbsp;<\/p>\r\n<!-- \/wp:heading -->\r\n\r\n<!-- wp:heading {\"level\":4} -->\r\n<h4>\u00a0<\/h4>\r\n<!-- \/wp:heading -->\r\n\r\n<!-- wp:heading {\"level\":4} -->\r\n<h4 style=\"text-align: center;\">BUREAU<\/h4>\r\n<h4 style=\"text-align: center;\">Pour l&rsquo;ann\u00e9e 2024, le Bureau est compos\u00e9 comme suit :\u00a0<a href=\"http:\/\/www.associationdevalescure.fr\/www\/wp-content\/uploads\/2024\/01\/AdV-composition-du-bureau-2024.jpg\"><img loading=\"lazy\" class=\"alignnone  wp-image-6697\" src=\"http:\/\/www.associationdevalescure.fr\/www\/wp-content\/uploads\/2024\/01\/AdV-composition-du-bureau-2024.jpg\" alt=\"\" width=\"740\" height=\"476\" srcset=\"http:\/\/www.associationdevalescure.fr\/www\/wp-content\/uploads\/2024\/01\/AdV-composition-du-bureau-2024.jpg 1419w, http:\/\/www.associationdevalescure.fr\/www\/wp-content\/uploads\/2024\/01\/AdV-composition-du-bureau-2024-300x193.jpg 300w, http:\/\/www.associationdevalescure.fr\/www\/wp-content\/uploads\/2024\/01\/AdV-composition-du-bureau-2024-1024x658.jpg 1024w, http:\/\/www.associationdevalescure.fr\/www\/wp-content\/uploads\/2024\/01\/AdV-composition-du-bureau-2024-768x494.jpg 768w\" sizes=\"(max-width: 740px) 100vw, 740px\" \/><\/a><\/h4>\r\n<p>&nbsp;<\/p>\r\n<p>&nbsp;<\/p>\r\n<p style=\"text-align: center;\"><strong>TROMBINOSCOPE 2024<\/strong><\/p>\r\n<p><a href=\"http:\/\/www.associationdevalescure.fr\/www\/wp-content\/uploads\/2024\/01\/trombinoscope-AdV2024-1.jpg\"><img loading=\"lazy\" class=\"alignnone size-full wp-image-6695\" src=\"http:\/\/www.associationdevalescure.fr\/www\/wp-content\/uploads\/2024\/01\/trombinoscope-AdV2024-1.jpg\" alt=\"\" width=\"1450\" height=\"1100\" srcset=\"http:\/\/www.associationdevalescure.fr\/www\/wp-content\/uploads\/2024\/01\/trombinoscope-AdV2024-1.jpg 1450w, http:\/\/www.associationdevalescure.fr\/www\/wp-content\/uploads\/2024\/01\/trombinoscope-AdV2024-1-300x228.jpg 300w, http:\/\/www.associationdevalescure.fr\/www\/wp-content\/uploads\/2024\/01\/trombinoscope-AdV2024-1-1024x777.jpg 1024w, http:\/\/www.associationdevalescure.fr\/www\/wp-content\/uploads\/2024\/01\/trombinoscope-AdV2024-1-768x583.jpg 768w, http:\/\/www.associationdevalescure.fr\/www\/wp-content\/uploads\/2024\/01\/trombinoscope-AdV2024-1-80x60.jpg 80w\" sizes=\"(max-width: 1450px) 100vw, 1450px\" \/><\/a><br \/>\u00a0 \u00a0 \u00a0 \u00a0 \u00a0 <a href=\"http:\/\/www.associationdevalescure.fr\/www\/\"><em><span style=\"color: #000000;\">Haut de page <strong>\u2191<\/strong><\/span><\/em><\/a><\/p>","protected":false},"excerpt":{"rendered":"<div class=\"mh-excerpt\"><p>\u0152uvrer pour le d\u00e9veloppement harmonieux de Valescure Veiller au maintien, voire \u00e0 l\u2019am\u00e9lioration de son cadre et de sa qualit\u00e9 de vie Prot\u00e9ger et faire <a class=\"mh-excerpt-more\" href=\"http:\/\/www.associationdevalescure.fr\/www\/nos-objectifs-notre-organisation\/\" title=\"Objectifs \/ Organisation\">[&#8230;]<\/a><\/p>\n<\/div>","protected":false},"author":1,"featured_media":18,"parent":0,"menu_order":0,"comment_status":"closed","ping_status":"closed","template":"","meta":[],"yoast_head":"<!-- This site is optimized with the Yoast SEO plugin v16.1.1 - https:\/\/yoast.com\/wordpress\/plugins\/seo\/ -->\n<title>Objectifs \/ Organisation &middot; Association de Valescure Fr\u00e9jus \/ Saint-Rapha\u00ebl<\/title>\n<meta name=\"description\" content=\"association, loi 1901, valescure, frejus, saint-raphael, cadre de vie, fernez, qualite de vie, urbanisme, environnement, patrimoine\" \/>\n<link rel=\"canonical\" href=\"https:\/\/www.associationdevalescure.fr\/www\/nos-objectifs-notre-organisation\/\" \/>\n<meta property=\"og:locale\" content=\"fr_FR\" \/>\n<meta property=\"og:type\" content=\"article\" \/>\n<meta property=\"og:title\" content=\"Objectifs \/ Organisation &middot; Association de Valescure Fr\u00e9jus \/ Saint-Rapha\u00ebl\" \/>\n<meta property=\"og:description\" content=\"association, loi 1901, valescure, frejus, saint-raphael, cadre de vie, fernez, qualite de vie, urbanisme, environnement, patrimoine\" \/>\n<meta property=\"og:url\" content=\"https:\/\/www.associationdevalescure.fr\/www\/nos-objectifs-notre-organisation\/\" \/>\n<meta property=\"og:site_name\" content=\"Association de Valescure Fr\u00e9jus \/ Saint-Rapha\u00ebl\" \/>\n<meta property=\"article:publisher\" content=\"https:\/\/www.facebook.com\/Association-de-valescure-249298192447460\/\" \/>\n<meta property=\"article:modified_time\" content=\"2024-03-27T09:21:54+00:00\" \/>\n<meta property=\"og:image\" content=\"http:\/\/www.associationdevalescure.fr\/www\/wp-content\/uploads\/2018\/09\/Bandeau-Publications.png\" \/>\n\t<meta property=\"og:image:width\" content=\"1631\" \/>\n\t<meta property=\"og:image:height\" content=\"350\" \/>\n<meta name=\"twitter:card\" content=\"summary_large_image\" \/>\n<meta name=\"twitter:label1\" content=\"Dur\u00e9e de lecture est.\">\n\t<meta name=\"twitter:data1\" content=\"2 minutes\">\n<script type=\"application\/ld+json\" class=\"yoast-schema-graph\">{\"@context\":\"https:\/\/schema.org\",\"@graph\":[{\"@type\":\"Organization\",\"@id\":\"https:\/\/www.associationdevalescure.fr\/www\/#organization\",\"name\":\"Association de Valescure\",\"url\":\"https:\/\/www.associationdevalescure.fr\/www\/\",\"sameAs\":[\"https:\/\/www.facebook.com\/Association-de-valescure-249298192447460\/\"],\"logo\":{\"@type\":\"ImageObject\",\"@id\":\"https:\/\/www.associationdevalescure.fr\/www\/#logo\",\"inLanguage\":\"fr-FR\",\"url\":\"http:\/\/www.associationdevalescure.fr\/www\/wp-content\/uploads\/2018\/09\/Logo-AdV-e1617347898754.jpg\",\"contentUrl\":\"http:\/\/www.associationdevalescure.fr\/www\/wp-content\/uploads\/2018\/09\/Logo-AdV-e1617347898754.jpg\",\"width\":327,\"height\":142,\"caption\":\"Association de Valescure\"},\"image\":{\"@id\":\"https:\/\/www.associationdevalescure.fr\/www\/#logo\"}},{\"@type\":\"WebSite\",\"@id\":\"https:\/\/www.associationdevalescure.fr\/www\/#website\",\"url\":\"https:\/\/www.associationdevalescure.fr\/www\/\",\"name\":\"Association de Valescure Fr\\u00e9jus \/ Saint-Rapha\\u00ebl\",\"description\":\"Pour le meilleur \\u00e0 Valescure\",\"publisher\":{\"@id\":\"https:\/\/www.associationdevalescure.fr\/www\/#organization\"},\"potentialAction\":[{\"@type\":\"SearchAction\",\"target\":\"https:\/\/www.associationdevalescure.fr\/www\/?s={search_term_string}\",\"query-input\":\"required name=search_term_string\"}],\"inLanguage\":\"fr-FR\"},{\"@type\":\"ImageObject\",\"@id\":\"https:\/\/www.associationdevalescure.fr\/www\/nos-objectifs-notre-organisation\/#primaryimage\",\"inLanguage\":\"fr-FR\",\"url\":\"http:\/\/www.associationdevalescure.fr\/www\/wp-content\/uploads\/2018\/09\/Bandeau-Publications.png\",\"contentUrl\":\"http:\/\/www.associationdevalescure.fr\/www\/wp-content\/uploads\/2018\/09\/Bandeau-Publications.png\",\"width\":1631,\"height\":350},{\"@type\":\"WebPage\",\"@id\":\"https:\/\/www.associationdevalescure.fr\/www\/nos-objectifs-notre-organisation\/#webpage\",\"url\":\"https:\/\/www.associationdevalescure.fr\/www\/nos-objectifs-notre-organisation\/\",\"name\":\"Objectifs \/ Organisation &middot; Association de Valescure Fr\\u00e9jus \/ Saint-Rapha\\u00ebl\",\"isPartOf\":{\"@id\":\"https:\/\/www.associationdevalescure.fr\/www\/#website\"},\"primaryImageOfPage\":{\"@id\":\"https:\/\/www.associationdevalescure.fr\/www\/nos-objectifs-notre-organisation\/#primaryimage\"},\"datePublished\":\"2021-02-22T16:42:11+00:00\",\"dateModified\":\"2024-03-27T09:21:54+00:00\",\"description\":\"association, loi 1901, valescure, frejus, saint-raphael, cadre de vie, fernez, qualite de vie, urbanisme, environnement, patrimoine\",\"breadcrumb\":{\"@id\":\"https:\/\/www.associationdevalescure.fr\/www\/nos-objectifs-notre-organisation\/#breadcrumb\"},\"inLanguage\":\"fr-FR\",\"potentialAction\":[{\"@type\":\"ReadAction\",\"target\":[\"https:\/\/www.associationdevalescure.fr\/www\/nos-objectifs-notre-organisation\/\"]}]},{\"@type\":\"BreadcrumbList\",\"@id\":\"https:\/\/www.associationdevalescure.fr\/www\/nos-objectifs-notre-organisation\/#breadcrumb\",\"itemListElement\":[{\"@type\":\"ListItem\",\"position\":1,\"item\":{\"@type\":\"WebPage\",\"@id\":\"https:\/\/www.associationdevalescure.fr\/www\/\",\"url\":\"https:\/\/www.associationdevalescure.fr\/www\/\",\"name\":\"Accueil\"}},{\"@type\":\"ListItem\",\"position\":2,\"item\":{\"@type\":\"WebPage\",\"@id\":\"https:\/\/www.associationdevalescure.fr\/www\/nos-objectifs-notre-organisation\/\",\"url\":\"https:\/\/www.associationdevalescure.fr\/www\/nos-objectifs-notre-organisation\/\",\"name\":\"Objectifs \/ Organisation\"}}]}]}<\/script>\n<!-- \/ Yoast SEO plugin. -->","_links":{"self":[{"href":"http:\/\/www.associationdevalescure.fr\/www\/wp-json\/wp\/v2\/pages\/4425"}],"collection":[{"href":"http:\/\/www.associationdevalescure.fr\/www\/wp-json\/wp\/v2\/pages"}],"about":[{"href":"http:\/\/www.associationdevalescure.fr\/www\/wp-json\/wp\/v2\/types\/page"}],"author":[{"embeddable":true,"href":"http:\/\/www.associationdevalescure.fr\/www\/wp-json\/wp\/v2\/users\/1"}],"replies":[{"embeddable":true,"href":"http:\/\/www.associationdevalescure.fr\/www\/wp-json\/wp\/v2\/comments?post=4425"}],"version-history":[{"count":13,"href":"http:\/\/www.associationdevalescure.fr\/www\/wp-json\/wp\/v2\/pages\/4425\/revisions"}],"predecessor-version":[{"id":6737,"href":"http:\/\/www.associationdevalescure.fr\/www\/wp-json\/wp\/v2\/pages\/4425\/revisions\/6737"}],"wp:featuredmedia":[{"embeddable":true,"href":"http:\/\/www.associationdevalescure.fr\/www\/wp-json\/wp\/v2\/media\/18"}],"wp:attachment":[{"href":"http:\/\/www.associationdevalescure.fr\/www\/wp-json\/wp\/v2\/media?parent=4425"}],"curies":[{"name":"wp","href":"https:\/\/api.w.org\/{rel}","templated":true}]}}